{"id":285,"date":"2017-08-19T18:36:50","date_gmt":"2017-08-19T18:36:50","guid":{"rendered":"https:\/\/desteck.nl\/?page_id=285"},"modified":"2017-09-05T18:34:05","modified_gmt":"2017-09-05T18:34:05","slug":"sjakie-en-de-chocoladefabriek","status":"publish","type":"page","link":"https:\/\/desteck.nl\/index.php\/scholen\/kunstmenu-basisscholen\/sjakie-en-de-chocoladefabriek\/","title":{"rendered":"Sjakie en de chocoladefabriek"},"content":{"rendered":"<h2>Sjakie en de chocoladefabriek<\/h2>\n<p>Sjakie Stevens is \u00e9\u00e9n van de vijf gelukkige vinders van een Gouden Toegangskaart.Hiermee mag hij de chocoladefabriek van Willy Wonka gaan bezichtigen, de wereldberoemde en excentrieke snoepmagnaat.<\/p>\n<p><img loading=\"lazy\" decoding=\"async\" class=\"size-medium wp-image-287 alignleft\" src=\"https:\/\/desteck.nl\/wp-content\/uploads\/2017\/08\/Sjakie1-c-296x300.jpg\" alt=\"\" width=\"296\" height=\"300\" srcset=\"https:\/\/desteck.nl\/wp-content\/uploads\/2017\/08\/Sjakie1-c-296x300.jpg 296w, https:\/\/desteck.nl\/wp-content\/uploads\/2017\/08\/Sjakie1-c-100x100.jpg 100w, https:\/\/desteck.nl\/wp-content\/uploads\/2017\/08\/Sjakie1-c.jpg 336w\" sizes=\"auto, (max-width: 296px) 100vw, 296px\" \/>In de fabriek mogen de kinderen net zoveel eten als ze maar willen, maar\u2026\u2026net als overal\u2026gelden ook hier regels waar je je aan moet houden. De kinderen beleven een grandioos avontuur en komen ogen, oren en smaak-papillen tekort.<br \/>\nAlleen loopt het met de vraatzuchtige Casper, de hebzuchtige Veruca, de wraak-zuchtige Joris en de hoogmoedige Violet niet zo goed af. E\u00e9n voor \u00e9\u00e9n verdwijnen de kinderen op mysterieuze wijze van het toneel.<\/p>\n<p>Sjakie en zijn opa Jacob, genieten ondertussen op bescheiden wijze van alles wat hen wordt aangeboden en zo blijven zij uiteindelijk alleen over. Willy Wonka is dolgelukkig en zegt tegen Sjakie : \u201cIk heb besloten om jou de hele zaak cadeau te doen. Zodra je oud genoeg bent om de fabriek te leiden, is hij van jou.\u201d En alsof dat nog niet genoeg is, nodigt Willy Wonka, die zelf nooit een echte familie heeft gehad, de hele familie Stevens uit om in de fabriek te komen wonen !<\/p>\n<p>En zo wint Sjakie Stevens een chocoladefabriek en Willy Wonka nog iets veel mooiers : een familie !<\/p>\n<p><img loading=\"lazy\" decoding=\"async\" class=\"alignnone size-medium wp-image-289\" src=\"https:\/\/desteck.nl\/wp-content\/uploads\/2017\/08\/Sjakie2-c-300x169.jpg\" alt=\"\" width=\"300\" height=\"169\" srcset=\"https:\/\/desteck.nl\/wp-content\/uploads\/2017\/08\/Sjakie2-c-300x169.jpg 300w, https:\/\/desteck.nl\/wp-content\/uploads\/2017\/08\/Sjakie2-c.jpg 448w\" sizes=\"auto, (max-width: 300px) 100vw, 300px\" \/><\/p>\n<hr \/>\n<p>Voor meer informatie zie <a href=\"https:\/\/desteck.nl\/index.php\/scholen\/het-schoolbrede-musicalproject\/\">het schoolbrede musicalproject<\/a><\/p>\n","protected":false},"excerpt":{"rendered":"<p>Sjakie en de chocoladefabriek Sjakie Stevens is \u00e9\u00e9n van de vijf gelukkige vinders van een Gouden Toegangskaart.Hiermee mag hij de chocoladefabriek van Willy Wonka gaan bezichtigen, de wereldberoemde en excentrieke snoepmagnaat. In de fabriek mogen de kinderen net zoveel eten als ze maar willen, maar\u2026\u2026net als overal\u2026gelden ook hier regels waar je je aan moet &hellip; <\/p>\n<p class=\"link-more\"><a href=\"https:\/\/desteck.nl\/index.php\/scholen\/kunstmenu-basisscholen\/sjakie-en-de-chocoladefabriek\/\" class=\"more-link\">Lees verder <span class=\"screen-reader-text\">&#8220;Sjakie en de chocoladefabriek&#8221;<\/span><\/a><\/p>\n","protected":false},"author":1,"featured_media":0,"parent":588,"menu_order":22,"comment_status":"closed","ping_status":"closed","template":"","meta":{"footnotes":""},"class_list":["post-285","page","type-page","status-publish","hentry"],"_links":{"self":[{"href":"https:\/\/desteck.nl\/index.php\/wp-json\/wp\/v2\/pages\/285","targetHints":{"allow":["GET"]}}],"collection":[{"href":"https:\/\/desteck.nl\/index.php\/wp-json\/wp\/v2\/pages"}],"about":[{"href":"https:\/\/desteck.nl\/index.php\/wp-json\/wp\/v2\/types\/page"}],"author":[{"embeddable":true,"href":"https:\/\/desteck.nl\/index.php\/wp-json\/wp\/v2\/users\/1"}],"replies":[{"embeddable":true,"href":"https:\/\/desteck.nl\/index.php\/wp-json\/wp\/v2\/comments?post=285"}],"version-history":[{"count":5,"href":"https:\/\/desteck.nl\/index.php\/wp-json\/wp\/v2\/pages\/285\/revisions"}],"predecessor-version":[{"id":372,"href":"https:\/\/desteck.nl\/index.php\/wp-json\/wp\/v2\/pages\/285\/revisions\/372"}],"up":[{"embeddable":true,"href":"https:\/\/desteck.nl\/index.php\/wp-json\/wp\/v2\/pages\/588"}],"wp:attachment":[{"href":"https:\/\/desteck.nl\/index.php\/wp-json\/wp\/v2\/media?parent=285"}],"curies":[{"name":"wp","href":"https:\/\/api.w.org\/{rel}","templated":true}]}}